{"id":15528,"date":"2026-04-18T17:37:14","date_gmt":"2026-04-18T17:37:14","guid":{"rendered":"https:\/\/phonesinns.com\/?post_type=product&#038;p=15528"},"modified":"2026-04-18T17:40:05","modified_gmt":"2026-04-18T17:40:05","slug":"capa-espelhada-coverme-para-iphone","status":"publish","type":"product","link":"https:\/\/phonesinns.com\/pt\/produto\/capa-espelhada-coverme-para-iphone\/","title":{"rendered":"Capa Espelhada COVERME para iPhone"},"content":{"rendered":"<h1><span dir=\"auto\">Capa com cord\u00e3o CoverMe Hybrid &#8211; Verso espelhado<\/span><\/h1>\n<h2><span dir=\"auto\">Descri\u00e7\u00e3o<\/span><\/h2>\n<p><span dir=\"auto\">A capa com cord\u00e3o CoverMe e espelho na parte traseira \u00e9 uma solu\u00e7\u00e3o premium 2 em 1, projetada para profissionais que trabalham em movimento e buscam atingir clientes urbanos e n\u00f4mades. Este produto h\u00edbrido combina prote\u00e7\u00e3o contra impactos de n\u00edvel militar com a praticidade de um espelho de bolso. Especialmente voltada para uso com as m\u00e3os livres (festivais, viagens, ambientes de trabalho din\u00e2micos), ela atende \u00e0 crescente demanda por acess\u00f3rios transversais que unem um design arrojado \u00e0 seguran\u00e7a absoluta do dispositivo.<\/span><\/p>\n","protected":false},"excerpt":{"rendered":"<p><span dir=\"auto\">A capa com cord\u00e3o CoverMe e espelho na parte traseira \u00e9 uma solu\u00e7\u00e3o premium 2 em 1, projetada para profissionais que trabalham em movimento e buscam atingir clientes urbanos e n\u00f4mades.<\/span><\/p>\n","protected":false},"featured_media":15531,"comment_status":"open","ping_status":"closed","template":"","meta":{"site-sidebar-layout":"default","site-content-layout":"","ast-site-content-layout":"default","site-content-style":"default","site-sidebar-style":"default","ast-global-header-display":"","ast-banner-title-visibility":"","ast-main-header-display":"","ast-hfb-above-header-display":"","ast-hfb-below-header-display":"","ast-hfb-mobile-header-display":"","site-post-title":"","ast-breadcrumbs-content":"","ast-featured-img":"","footer-sml-layout":"","ast-disable-related-posts":"","theme-transparent-header-meta":"default","adv-header-id-meta":"","stick-header-meta":"default","header-above-stick-meta":"","header-main-stick-meta":"","header-below-stick-meta":"","astra-migrate-meta-layouts":"set","ast-page-background-enabled":"default","ast-page-background-meta":{"desktop":{"background-color":"var(--ast-global-color-4)","background-image":"","background-repeat":"repeat","background-position":"center center","background-size":"auto","background-attachment":"scroll","background-type":"","background-media":"","overlay-type":"","overlay-color":"","overlay-opacity":"","overlay-gradient":""},"tablet":{"background-color":"","background-image":"","background-repeat":"repeat","background-position":"center center","background-size":"auto","background-attachment":"scroll","background-type":"","background-media":"","overlay-type":"","overlay-color":"","overlay-opacity":"","overlay-gradient":""},"mobile":{"background-color":"","background-image":"","background-repeat":"repeat","background-position":"center center","background-size":"auto","background-attachment":"scroll","background-type":"","background-media":"","overlay-type":"","overlay-color":"","overlay-opacity":"","overlay-gradient":""}},"ast-content-background-meta":{"desktop":{"background-color":"var(--ast-global-color-5)","background-image":"","background-repeat":"repeat","background-position":"center center","background-size":"auto","background-attachment":"scroll","background-type":"","background-media":"","overlay-type":"","overlay-color":"","overlay-opacity":"","overlay-gradient":""},"tablet":{"background-color":"var(--ast-global-color-5)","background-image":"","background-repeat":"repeat","background-position":"center center","background-size":"auto","background-attachment":"scroll","background-type":"","background-media":"","overlay-type":"","overlay-color":"","overlay-opacity":"","overlay-gradient":""},"mobile":{"background-color":"var(--ast-global-color-5)","background-image":"","background-repeat":"repeat","background-position":"center center","background-size":"auto","background-attachment":"scroll","background-type":"","background-media":"","overlay-type":"","overlay-color":"","overlay-opacity":"","overlay-gradient":""}}},"product_brand":[268],"product_cat":[15],"product_tag":[1253,1252,1214,1216],"class_list":{"0":"post-15528","1":"product","2":"type-product","3":"status-publish","4":"has-post-thumbnail","6":"product_brand-apple","7":"product_cat-uncategorized","8":"product_tag-apple-iphone","9":"product_tag-capa-espelhada-coverme-para-iphone-14","10":"product_tag-iphone-17","11":"product_tag-iphone-17-pro-max","12":"pa_apple-iphone-13","13":"pa_apple-iphone-13-pro","14":"pa_apple-iphone-13-pro-max","15":"pa_apple-iphone-14","16":"pa_apple-iphone-14-pro","17":"pa_apple-iphone-14-pro-max","18":"pa_apple-iphone-15","19":"pa_apple-iphone-15-plus","20":"pa_apple-iphone-15-pro","21":"pa_apple-iphone-15-pro-max","22":"pa_apple-iphone-16","23":"pa_apple-iphone-16-plus","24":"pa_apple-iphone-16-pro","25":"pa_apple-iphone-16-pro-max","26":"pa_apple-iphone-16e","27":"desktop-align-center","28":"tablet-align-left","29":"mobile-align-left","30":"ast-product-gallery-layout-first-image-large","31":"ast-product-single-variable","32":"ast-product-tabs-layout-accordion","33":"ast-qv-on-image","35":"first","36":"instock","37":"sale","38":"shipping-taxable","39":"purchasable","40":"product-type-variable"},"_links":{"self":[{"href":"https:\/\/phonesinns.com\/pt\/wp-json\/wp\/v2\/product\/15528","targetHints":{"allow":["GET"]}}],"collection":[{"href":"https:\/\/phonesinns.com\/pt\/wp-json\/wp\/v2\/product"}],"about":[{"href":"https:\/\/phonesinns.com\/pt\/wp-json\/wp\/v2\/types\/product"}],"replies":[{"embeddable":true,"href":"https:\/\/phonesinns.com\/pt\/wp-json\/wp\/v2\/comments?post=15528"}],"version-history":[{"count":4,"href":"https:\/\/phonesinns.com\/pt\/wp-json\/wp\/v2\/product\/15528\/revisions"}],"predecessor-version":[{"id":15552,"href":"https:\/\/phonesinns.com\/pt\/wp-json\/wp\/v2\/product\/15528\/revisions\/15552"}],"wp:featuredmedia":[{"embeddable":true,"href":"https:\/\/phonesinns.com\/pt\/wp-json\/wp\/v2\/media\/15531"}],"wp:attachment":[{"href":"https:\/\/phonesinns.com\/pt\/wp-json\/wp\/v2\/media?parent=15528"}],"wp:term":[{"taxonomy":"product_brand","embeddable":true,"href":"https:\/\/phonesinns.com\/pt\/wp-json\/wp\/v2\/product_brand?post=15528"},{"taxonomy":"product_cat","embeddable":true,"href":"https:\/\/phonesinns.com\/pt\/wp-json\/wp\/v2\/product_cat?post=15528"},{"taxonomy":"product_tag","embeddable":true,"href":"https:\/\/phonesinns.com\/pt\/wp-json\/wp\/v2\/product_tag?post=15528"}],"curies":[{"name":"wp","href":"https:\/\/api.w.org\/{rel}","templated":true}]}}